{"id":160,"date":"2020-03-27T17:17:44","date_gmt":"2020-03-27T17:17:44","guid":{"rendered":"http:\/\/www.mediation-krenauer.at\/?page_id=160"},"modified":"2021-01-12T17:25:08","modified_gmt":"2021-01-12T17:25:08","slug":"datenschutz","status":"publish","type":"page","link":"https:\/\/www.mediation-krenauer.at\/?page_id=160","title":{"rendered":"Datenschutz"},"content":{"rendered":"\t\t<div data-elementor-type=\"wp-page\" data-elementor-id=\"160\" class=\"elementor elementor-160\" data-elementor-post-type=\"page\">\n\t\t\t\t\t\t<section class=\"elementor-section elementor-top-section elementor-element elementor-element-a53f3be elementor-section-boxed elementor-section-height-default elementor-section-height-default\" data-id=\"a53f3be\" data-element_type=\"section\" data-e-type=\"section\">\n\t\t\t\t\t\t<div class=\"elementor-container elementor-column-gap-default\">\n\t\t\t\t\t<div class=\"elementor-column elementor-col-100 elementor-top-column elementor-element elementor-element-7ba0f64\" data-id=\"7ba0f64\" data-element_type=\"column\" data-e-type=\"column\">\n\t\t\t<div class=\"elementor-widget-wrap elementor-element-populated\">\n\t\t\t\t\t\t<div class=\"elementor-element elementor-element-4c99954 elementor-widget elementor-widget-text-editor\" data-id=\"4c99954\" data-element_type=\"widget\" data-e-type=\"widget\" data-widget_type=\"text-editor.default\">\n\t\t\t\t<div class=\"elementor-widget-container\">\n\t\t\t\t\t\t\t\t\t<h2>Datenschutz\u00aderkl\u00e4rung<\/h2><p>Der Schutz Ihrer pers\u00f6nlichen Daten ist mir ein besonderes Anliegen. Ich verarbeiten Ihre Daten daher ausschlie\u00dflich auf Grundlage der gesetzlichen Bestimmungen (DSGVO, TKG 2003).<\/p><p>In diesen Datenschutzinformationen informieren ich Sie \u00fcber die wichtigsten Aspekte der Datenverarbeitung im Rahmen meiner Website.<\/p><h3>Kontakt mit mir<\/h3><p>Sie k\u00f6nnen meine Seiten besuchen, ohne dass ich pers\u00f6nliche Daten von Ihnen ben\u00f6tige. Personenbezogene Daten werden nur erhoben, wenn Sie mir diese von sich aus, zum Beispiel zur Bearbeitung Ihrer Anfragen per E-Mail \u00fcbermitteln. Diese Daten gebe ich nicht ohne Ihre Einwilligung weiter.<\/p><h3>Web-Analyse<\/h3><h5><b>AWStats<\/b><\/h5><p>Um meine Seite statistisch auswerten zu k\u00f6nnen, verwende ich das Programm AWStats. Das Programm ist eine freie Webanalyse-Software. Sie wird zur Auswertung von Logdateien verwendet, die Webserver auf Basis von Besucheranfragen erstellen. Das Programm setzt f\u00fcr die Auswertung keine Cookie-Dateien ein. Die statistische Analyse erfolgt \u00fcber die Logfiles, die auch IP-Adressen enthalten. Diese Daten sind in der Regel nicht bestimmten Personen zuordenbar. Eine Zusammenf\u00fchrung dieser Daten mit anderen Datenquellen wird nicht vorgenommen, die Daten werden zudem nach einer statistischen Auswertung gel\u00f6scht.<\/p><p>Ich erhebe und speichere automatisch Log-File-Informationen, die Ihr Browser an mich \u00fcbermittelt. Dies sind:<br \/>Browsertyp\/-version<br \/>Verwendetes Betriebssystem<br \/>Referer URL (die Webseite, von der aus Sie uns besuchen)<br \/>Hostname des zugreifenden Rechners (IP-Adresse)<br \/>Uhrzeit der Serveranfrage<\/p><p>Diese Informationen werden ausschlie\u00dflich zu statistischen Zwecken ausgewertet. Sie bleiben als einzelner Nutzer hierbei anonym..<\/p><p>Im Gegensatz zu anderen Statistikprogrammen werden bei AWStats keine Daten an einen fremden Server \u00fcbermittelt. Das Programm ist auf dem eigenen Hostingpaket installiert. So wird beispielsweise auch eine \u00dcbertragung von Daten ins Ausland vermieden, da mein Server in \u00d6sterreich lokalisiert ist.<\/p><h3>Externe Links<\/h3><p>Zu Ihrer optimalen Information finden Sie auf meiner Internetseite Links, die auf Seiten Dritter verweisen. Soweit dies nicht offensichtlich erkennbar ist, weisen ich Sie darauf hin, dass es sich um einen externen Link handelt. Ich habe keinerlei Einfluss auf den Inhalt und die Gestaltung dieser Seiten anderer Anbieter. Die Angaben in dieser Datenschutzerkl\u00e4rung gelten daher selbstverst\u00e4ndlich dort nicht.<\/p><h3>Ihre Rechte<\/h3><p>Ihnen stehen grunds\u00e4tzlich die Rechte auf Auskunft, Berichtigung, L\u00f6schung, Einschr\u00e4nkung, Daten\u00fcbertragbarkeit, Widerruf und Widerspruch zu. Wenn Sie glauben, dass die Verarbeitung Ihrer Daten gegen das Datenschutzrecht verst\u00f6\u00dft oder Ihre datenschutzrechtlichen Anspr\u00fcche sonst in einer Weise verletzt worden sind, k\u00f6nnen Sie sich bei der Aufsichtsbeh\u00f6rde beschweren. In \u00d6sterreich ist dies die Datenschutzbeh\u00f6rde.<\/p><h3>Cookies<\/h3><p><script id=\"CookieDeclaration\" src=\"https:\/\/consent.cookiebot.com\/85b22c3e-4412-4afe-b1b5-16cbd1992134\/cd.js\" type=\"text\/javascript\" async><\/script><\/p><p>\u00a0<\/p><p><b>Sie erreichen uns unter folgenden Kontaktdaten<\/b><\/p><p>Alexandra KRENAUER, MA<br \/>Mariahilfer Stra\u00dfe 57-59<br \/>1060 Wien<br \/>Telefon: +43 (0)1 535 68 49<br \/>E-Mail: mediation@krenauer.at<\/p>\t\t\t\t\t\t\t\t<\/div>\n\t\t\t\t<\/div>\n\t\t\t\t\t<\/div>\n\t\t<\/div>\n\t\t\t\t\t<\/div>\n\t\t<\/section>\n\t\t\t\t<\/div>\n\t\t","protected":false},"excerpt":{"rendered":"<p>Datenschutz\u00aderkl\u00e4rung Der Schutz Ihrer pers\u00f6nlichen Daten ist mir ein besonderes Anliegen. Ich verarbeiten Ihre Daten daher ausschlie\u00dflich auf Grundlage der gesetzlichen Bestimmungen (DSGVO, TKG 2003). In diesen Datenschutzinformationen informieren ich Sie \u00fcber die wichtigsten Aspekte der Datenverarbeitung im Rahmen meiner Website. Kontakt mit mir Sie k\u00f6nnen meine Seiten besuchen, ohne dass ich pers\u00f6nliche Daten von [&hellip;]<\/p>\n","protected":false},"author":1,"featured_media":0,"parent":37,"menu_order":0,"comment_status":"closed","ping_status":"closed","template":"","meta":{"footnotes":""},"class_list":["post-160","page","type-page","status-publish","hentry"],"_links":{"self":[{"href":"https:\/\/www.mediation-krenauer.at\/index.php?rest_route=\/wp\/v2\/pages\/160","targetHints":{"allow":["GET"]}}],"collection":[{"href":"https:\/\/www.mediation-krenauer.at\/index.php?rest_route=\/wp\/v2\/pages"}],"about":[{"href":"https:\/\/www.mediation-krenauer.at\/index.php?rest_route=\/wp\/v2\/types\/page"}],"author":[{"embeddable":true,"href":"https:\/\/www.mediation-krenauer.at\/index.php?rest_route=\/wp\/v2\/users\/1"}],"replies":[{"embeddable":true,"href":"https:\/\/www.mediation-krenauer.at\/index.php?rest_route=%2Fwp%2Fv2%2Fcomments&post=160"}],"version-history":[{"count":30,"href":"https:\/\/www.mediation-krenauer.at\/index.php?rest_route=\/wp\/v2\/pages\/160\/revisions"}],"predecessor-version":[{"id":625,"href":"https:\/\/www.mediation-krenauer.at\/index.php?rest_route=\/wp\/v2\/pages\/160\/revisions\/625"}],"up":[{"embeddable":true,"href":"https:\/\/www.mediation-krenauer.at\/index.php?rest_route=\/wp\/v2\/pages\/37"}],"wp:attachment":[{"href":"https:\/\/www.mediation-krenauer.at\/index.php?rest_route=%2Fwp%2Fv2%2Fmedia&parent=160"}],"curies":[{"name":"wp","href":"https:\/\/api.w.org\/{rel}","templated":true}]}}